{"id":2,"date":"2021-11-23T12:00:25","date_gmt":"2021-11-23T12:00:25","guid":{"rendered":"https:\/\/perazancas.es\/?page_id=2"},"modified":"2021-12-01T19:31:50","modified_gmt":"2021-12-01T19:31:50","slug":"inicio","status":"publish","type":"page","link":"https:\/\/perazancas.es\/index.php\/inicio\/","title":{"rendered":"Inicio"},"content":{"rendered":"\t\t<div data-elementor-type=\"wp-page\" data-elementor-id=\"2\" class=\"elementor elementor-2\">\n\t\t\t\t\t\t<section class=\"elementor-section elementor-top-section elementor-element elementor-element-7cf668e8 elementor-section-boxed elementor-section-height-default elementor-section-height-default\" data-id=\"7cf668e8\" data-element_type=\"section\" data-e-type=\"section\">\n\t\t\t\t\t\t<div class=\"elementor-container elementor-column-gap-default\">\n\t\t\t\t\t<div class=\"elementor-column elementor-col-100 elementor-top-column elementor-element elementor-element-32a5dc37\" data-id=\"32a5dc37\" data-element_type=\"column\" data-e-type=\"column\">\n\t\t\t<div class=\"elementor-widget-wrap elementor-element-populated\">\n\t\t\t\t\t\t<div class=\"elementor-element elementor-element-1e29c9ce elementor-widget elementor-widget-text-editor\" data-id=\"1e29c9ce\" data-element_type=\"widget\" data-e-type=\"widget\" data-widget_type=\"text-editor.default\">\n\t\t\t\t<div class=\"elementor-widget-container\">\n\t\t\t\t\t\t\t\t\t<p><\/p>\n<p>Perazancas es un pueblo del norte de Palencia a las puertas de la monta\u00f1a palentina.<\/p>\n<p>La carretera P-227 Burgos-Potes atraviesa el pueblo de sur a norte direcci\u00f3n Cervera de Pisuerga.<\/p>\n<p>Nos encontramos a una altitud de 1000 metros aproximadamente.<\/p>\n<p>En invierno vivimos unas 40 personas.<\/p>\n<p><\/p>\t\t\t\t\t\t\t\t<\/div>\n\t\t\t\t<\/div>\n\t\t\t\t<div class=\"elementor-element elementor-element-8d77a96 elementor-widget elementor-widget-spacer\" data-id=\"8d77a96\" data-element_type=\"widget\" data-e-type=\"widget\" data-widget_type=\"spacer.default\">\n\t\t\t\t<div class=\"elementor-widget-container\">\n\t\t\t\t\t\t\t<div class=\"elementor-spacer\">\n\t\t\t<div class=\"elementor-spacer-inner\"><\/div>\n\t\t<\/div>\n\t\t\t\t\t\t<\/div>\n\t\t\t\t<\/div>\n\t\t\t\t<div class=\"elementor-element elementor-element-0c94830 elementor-widget elementor-widget-text-editor\" data-id=\"0c94830\" data-element_type=\"widget\" data-e-type=\"widget\" data-widget_type=\"text-editor.default\">\n\t\t\t\t<div class=\"elementor-widget-container\">\n\t\t\t\t\t\t\t\t\t<p>A pesar de ser un pueblo muy peque\u00f1o tiene:<\/p>\n<ul>\n<li>Dos bares: Bar La Pitusa y Bar Lici.<\/li>\n<li>Un albergue para los peregrinos que vienen haciendo el camino lebaniego<\/li>\n<li>Una panader\u00eda con el pan mas rico de la regi\u00f3n.<\/li>\n<li>Un herrero.<\/li>\n<li>Un museo etnogr\u00e1fico.<\/li>\n<li>Dos joyas del rom\u00e1nico palentino, la iglesia de la Asunci\u00f3n del siglo XVI y la ermita de San Pelayo del siglo XII.<\/li>\n<\/ul>\t\t\t\t\t\t\t\t<\/div>\n\t\t\t\t<\/div>\n\t\t\t\t\t<\/div>\n\t\t<\/div>\n\t\t\t\t\t<\/div>\n\t\t<\/section>\n\t\t\t\t<section class=\"elementor-section elementor-top-section elementor-element elementor-element-4db2597 elementor-section-boxed elementor-section-height-default elementor-section-height-default\" data-id=\"4db2597\" data-element_type=\"section\" data-e-type=\"section\">\n\t\t\t\t\t\t<div class=\"elementor-container elementor-column-gap-default\">\n\t\t\t\t\t<div class=\"elementor-column elementor-col-100 elementor-top-column elementor-element elementor-element-c95ceff\" data-id=\"c95ceff\" data-element_type=\"column\" data-e-type=\"column\">\n\t\t\t<div class=\"elementor-widget-wrap elementor-element-populated\">\n\t\t\t\t\t\t<div class=\"elementor-element elementor-element-ceb97c9 elementor-widget elementor-widget-image\" data-id=\"ceb97c9\" data-element_type=\"widget\" data-e-type=\"widget\" data-widget_type=\"image.default\">\n\t\t\t\t<div class=\"elementor-widget-container\">\n\t\t\t\t\t\t\t\t\t\t\t\t\t\t\t<img fetchpriority=\"high\" decoding=\"async\" width=\"1024\" height=\"441\" src=\"https:\/\/perazancas.es\/wp-content\/uploads\/2021\/11\/mapa-1-1024x441.jpg\" class=\"attachment-large size-large wp-image-144\" alt=\"\" srcset=\"https:\/\/perazancas.es\/wp-content\/uploads\/2021\/11\/mapa-1-1024x441.jpg 1024w, https:\/\/perazancas.es\/wp-content\/uploads\/2021\/11\/mapa-1-300x129.jpg 300w, https:\/\/perazancas.es\/wp-content\/uploads\/2021\/11\/mapa-1-768x331.jpg 768w, https:\/\/perazancas.es\/wp-content\/uploads\/2021\/11\/mapa-1-496x214.jpg 496w, https:\/\/perazancas.es\/wp-content\/uploads\/2021\/11\/mapa-1.jpg 1399w\" sizes=\"(max-width: 1024px) 100vw, 1024px\" \/>\t\t\t\t\t\t\t\t\t\t\t\t\t\t\t<\/div>\n\t\t\t\t<\/div>\n\t\t\t\t\t<\/div>\n\t\t<\/div>\n\t\t\t\t\t<\/div>\n\t\t<\/section>\n\t\t\t\t<section class=\"elementor-section elementor-top-section elementor-element elementor-element-f41f888 elementor-section-boxed elementor-section-height-default elementor-section-height-default\" data-id=\"f41f888\" data-element_type=\"section\" data-e-type=\"section\">\n\t\t\t\t\t\t<div class=\"elementor-container elementor-column-gap-default\">\n\t\t\t\t\t<div class=\"elementor-column elementor-col-100 elementor-top-column elementor-element elementor-element-0f4f16e\" data-id=\"0f4f16e\" data-element_type=\"column\" data-e-type=\"column\">\n\t\t\t<div class=\"elementor-widget-wrap elementor-element-populated\">\n\t\t\t\t\t\t<div class=\"elementor-element elementor-element-c23581a elementor-widget elementor-widget-google_maps\" data-id=\"c23581a\" data-element_type=\"widget\" data-e-type=\"widget\" data-widget_type=\"google_maps.default\">\n\t\t\t\t<div class=\"elementor-widget-container\">\n\t\t\t\t\t\t\t<div class=\"elementor-custom-embed\">\n\t\t\t<iframe loading=\"lazy\"\n\t\t\t\t\tsrc=\"https:\/\/maps.google.com\/maps?q=29%2C%20Perazancas%20de%20Ojeda&#038;t=m&#038;z=10&#038;output=embed&#038;iwloc=near\"\n\t\t\t\t\ttitle=\"29, Perazancas de Ojeda\"\n\t\t\t\t\taria-label=\"29, Perazancas de Ojeda\"\n\t\t\t><\/iframe>\n\t\t<\/div>\n\t\t\t\t\t\t<\/div>\n\t\t\t\t<\/div>\n\t\t\t\t\t<\/div>\n\t\t<\/div>\n\t\t\t\t\t<\/div>\n\t\t<\/section>\n\t\t\t\t<section class=\"elementor-section elementor-top-section elementor-element elementor-element-adc8c44 elementor-section-boxed elementor-section-height-default elementor-section-height-default\" data-id=\"adc8c44\" data-element_type=\"section\" data-e-type=\"section\">\n\t\t\t\t\t\t<div class=\"elementor-container elementor-column-gap-default\">\n\t\t\t\t\t<div class=\"elementor-column elementor-col-100 elementor-top-column elementor-element elementor-element-08c6ed2\" data-id=\"08c6ed2\" data-element_type=\"column\" data-e-type=\"column\">\n\t\t\t<div class=\"elementor-widget-wrap elementor-element-populated\">\n\t\t\t\t\t\t<div class=\"elementor-element elementor-element-7aef13e elementor-widget-divider--view-line elementor-widget elementor-widget-divider\" data-id=\"7aef13e\" data-element_type=\"widget\" data-e-type=\"widget\" data-widget_type=\"divider.default\">\n\t\t\t\t<div class=\"elementor-widget-container\">\n\t\t\t\t\t\t\t<div class=\"elementor-divider\">\n\t\t\t<span class=\"elementor-divider-separator\">\n\t\t\t\t\t\t<\/span>\n\t\t<\/div>\n\t\t\t\t\t\t<\/div>\n\t\t\t\t<\/div>\n\t\t\t\t<section class=\"elementor-section elementor-inner-section elementor-element elementor-element-0a321f5 elementor-section-boxed elementor-section-height-default elementor-section-height-default\" data-id=\"0a321f5\" data-element_type=\"section\" data-e-type=\"section\">\n\t\t\t\t\t\t<div class=\"elementor-container elementor-column-gap-default\">\n\t\t\t\t\t<div class=\"elementor-column elementor-col-50 elementor-inner-column elementor-element elementor-element-436ca48\" data-id=\"436ca48\" data-element_type=\"column\" data-e-type=\"column\">\n\t\t\t<div class=\"elementor-widget-wrap elementor-element-populated\">\n\t\t\t\t\t\t<div class=\"elementor-element elementor-element-68c147c elementor-widget elementor-widget-html\" data-id=\"68c147c\" data-element_type=\"widget\" data-e-type=\"widget\" data-widget_type=\"html.default\">\n\t\t\t\t<div class=\"elementor-widget-container\">\n\t\t\t\t\t<div id=\"c_ac4a8566e948aa0337d5b6b8d74fecff\" class=\"normal\"><\/div><script type=\"text\/javascript\" src=\"https:\/\/www.eltiempo.es\/widget\/widget_loader\/ac4a8566e948aa0337d5b6b8d74fecff\"><\/script>\t\t\t\t<\/div>\n\t\t\t\t<\/div>\n\t\t\t\t\t<\/div>\n\t\t<\/div>\n\t\t\t\t<div class=\"elementor-column elementor-col-50 elementor-inner-column elementor-element elementor-element-c831bd0\" data-id=\"c831bd0\" data-element_type=\"column\" data-e-type=\"column\">\n\t\t\t<div class=\"elementor-widget-wrap elementor-element-populated\">\n\t\t\t\t\t\t<div class=\"elementor-element elementor-element-a7e6d20 elementor-widget elementor-widget-text-editor\" data-id=\"a7e6d20\" data-element_type=\"widget\" data-e-type=\"widget\" data-widget_type=\"text-editor.default\">\n\t\t\t\t<div class=\"elementor-widget-container\">\n\t\t\t\t\t\t\t\t\t<p>El tiempo en Perazancas est\u00e1 encuadrado dentro del clima continental, se caracteriza por tener grandes variaciones t\u00e9rmicas entre una estaci\u00f3n clim\u00e1tica y otra, el invierno es crudo y es habitual encontrar temperaturas por debajo de 0\u00ba C, lo que lo convierte en clima fr\u00edo.<\/p>\n<p>\u00a0<\/p>\t\t\t\t\t\t\t\t<\/div>\n\t\t\t\t<\/div>\n\t\t\t\t\t<\/div>\n\t\t<\/div>\n\t\t\t\t\t<\/div>\n\t\t<\/section>\n\t\t\t\t\t<\/div>\n\t\t<\/div>\n\t\t\t\t\t<\/div>\n\t\t<\/section>\n\t\t\t\t<\/div>\n\t\t","protected":false},"excerpt":{"rendered":"<p>Perazancas es un pueblo del norte de Palencia a las puertas de la monta\u00f1a palentina. La carretera P-227 Burgos-Potes atraviesa el pueblo de sur a &hellip;<\/p>\n","protected":false},"author":1,"featured_media":0,"parent":0,"menu_order":0,"comment_status":"closed","ping_status":"closed","template":"","meta":{"om_disable_all_campaigns":false,"_mi_skip_tracking":false,"_monsterinsights_sitenote_active":false,"_monsterinsights_sitenote_note":"","_monsterinsights_sitenote_category":0,"footnotes":""},"class_list":["post-2","page","type-page","status-publish","hentry"],"aioseo_notices":[],"_links":{"self":[{"href":"https:\/\/perazancas.es\/index.php\/wp-json\/wp\/v2\/pages\/2","targetHints":{"allow":["GET"]}}],"collection":[{"href":"https:\/\/perazancas.es\/index.php\/wp-json\/wp\/v2\/pages"}],"about":[{"href":"https:\/\/perazancas.es\/index.php\/wp-json\/wp\/v2\/types\/page"}],"author":[{"embeddable":true,"href":"https:\/\/perazancas.es\/index.php\/wp-json\/wp\/v2\/users\/1"}],"replies":[{"embeddable":true,"href":"https:\/\/perazancas.es\/index.php\/wp-json\/wp\/v2\/comments?post=2"}],"version-history":[{"count":35,"href":"https:\/\/perazancas.es\/index.php\/wp-json\/wp\/v2\/pages\/2\/revisions"}],"predecessor-version":[{"id":183,"href":"https:\/\/perazancas.es\/index.php\/wp-json\/wp\/v2\/pages\/2\/revisions\/183"}],"wp:attachment":[{"href":"https:\/\/perazancas.es\/index.php\/wp-json\/wp\/v2\/media?parent=2"}],"curies":[{"name":"wp","href":"https:\/\/api.w.org\/{rel}","templated":true}]}}