{"id":16,"date":"2021-11-23T13:10:50","date_gmt":"2021-11-23T13:10:50","guid":{"rendered":"https:\/\/perazancas.es\/?page_id=16"},"modified":"2021-11-30T11:23:40","modified_gmt":"2021-11-30T11:23:40","slug":"sitios-de-interes","status":"publish","type":"page","link":"https:\/\/perazancas.es\/index.php\/sitios-de-interes\/","title":{"rendered":"Sitios de inter\u00e9s"},"content":{"rendered":"\n<p>Lo m\u00e1s interesante del pueblo de Perazancas son sus gentes: sencillas, amables y hospitalarias.<\/p>\n\n\n\n<p>Sitios de inter\u00e9s para visitar son: la ermita de San Pelayo, la iglesia de la Asunci\u00f3n y el bar La Pitusa.<\/p>\n\n\n\n<p><\/p>\n\n\n\n<div class=\"wp-block-columns is-layout-flex wp-container-core-columns-is-layout-9d6595d7 wp-block-columns-is-layout-flex\">\n<div class=\"wp-block-column is-layout-flow wp-block-column-is-layout-flow\">\n<p class=\"has-text-align-center has-large-font-size\"> Ermita de San Pelayo <\/p>\n\n\n\n<figure class=\"wp-block-image size-full\"><img fetchpriority=\"high\" decoding=\"async\" width=\"800\" height=\"500\" src=\"https:\/\/perazancas.es\/wp-content\/uploads\/2021\/11\/Ermita_mini-1.jpg\" alt=\"\" class=\"wp-image-20\" srcset=\"https:\/\/perazancas.es\/wp-content\/uploads\/2021\/11\/Ermita_mini-1.jpg 800w, https:\/\/perazancas.es\/wp-content\/uploads\/2021\/11\/Ermita_mini-1-300x188.jpg 300w, https:\/\/perazancas.es\/wp-content\/uploads\/2021\/11\/Ermita_mini-1-768x480.jpg 768w, https:\/\/perazancas.es\/wp-content\/uploads\/2021\/11\/Ermita_mini-1-421x263.jpg 421w\" sizes=\"(max-width: 800px) 100vw, 800px\" \/><\/figure>\n\n\n\n<p> Construida a finales del sigo X, en el interior del \u00e1bside se encuentra el \u00fanico ciclo pict\u00f3rico puramente rom\u00e1nico de la provincia de Palencia <\/p>\n<\/div>\n\n\n\n<div class=\"wp-block-column is-layout-flow wp-block-column-is-layout-flow\">\n<p class=\"has-text-align-center has-large-font-size\">Iglesia de la Asunci\u00f3n<\/p>\n\n\n\n<figure class=\"wp-block-image size-full\"><img decoding=\"async\" width=\"800\" height=\"500\" src=\"https:\/\/perazancas.es\/wp-content\/uploads\/2021\/11\/iglesia_mini-1.jpg\" alt=\"\" class=\"wp-image-17\" srcset=\"https:\/\/perazancas.es\/wp-content\/uploads\/2021\/11\/iglesia_mini-1.jpg 800w, https:\/\/perazancas.es\/wp-content\/uploads\/2021\/11\/iglesia_mini-1-300x188.jpg 300w, https:\/\/perazancas.es\/wp-content\/uploads\/2021\/11\/iglesia_mini-1-768x480.jpg 768w, https:\/\/perazancas.es\/wp-content\/uploads\/2021\/11\/iglesia_mini-1-421x263.jpg 421w\" sizes=\"(max-width: 800px) 100vw, 800px\" \/><\/figure>\n\n\n\n<p>  De origen mon\u00e1stico, data del siglo XVI, sobresale por su portada de tres arquivoltas.<\/p>\n<\/div>\n\n\n\n<div class=\"wp-block-column is-layout-flow wp-block-column-is-layout-flow\">\n<p class=\"has-text-align-center has-large-font-size\"> Bar La Pitusa<\/p>\n\n\n\n<figure class=\"wp-block-image size-full\"><img decoding=\"async\" width=\"800\" height=\"500\" src=\"https:\/\/perazancas.es\/wp-content\/uploads\/2021\/11\/bar_mini-1.jpg\" alt=\"\" class=\"wp-image-18\" srcset=\"https:\/\/perazancas.es\/wp-content\/uploads\/2021\/11\/bar_mini-1.jpg 800w, https:\/\/perazancas.es\/wp-content\/uploads\/2021\/11\/bar_mini-1-300x188.jpg 300w, https:\/\/perazancas.es\/wp-content\/uploads\/2021\/11\/bar_mini-1-768x480.jpg 768w, https:\/\/perazancas.es\/wp-content\/uploads\/2021\/11\/bar_mini-1-421x263.jpg 421w\" sizes=\"(max-width: 800px) 100vw, 800px\" \/><\/figure>\n\n\n\n<p>   Bar de pueblo o de toda la vida, acogedor y sobrio con buen caf\u00e9.<\/p>\n<\/div>\n<\/div>\n","protected":false},"excerpt":{"rendered":"<p>Lo m\u00e1s interesante del pueblo de Perazancas son sus gentes: sencillas, amables y hospitalarias. Sitios de inter\u00e9s para visitar son: la ermita de San Pelayo, &hellip;<\/p>\n","protected":false},"author":1,"featured_media":0,"parent":0,"menu_order":0,"comment_status":"closed","ping_status":"closed","template":"","meta":{"om_disable_all_campaigns":false,"_mi_skip_tracking":false,"_monsterinsights_sitenote_active":false,"_monsterinsights_sitenote_note":"","_monsterinsights_sitenote_category":0,"footnotes":""},"class_list":["post-16","page","type-page","status-publish","hentry"],"aioseo_notices":[],"_links":{"self":[{"href":"https:\/\/perazancas.es\/index.php\/wp-json\/wp\/v2\/pages\/16","targetHints":{"allow":["GET"]}}],"collection":[{"href":"https:\/\/perazancas.es\/index.php\/wp-json\/wp\/v2\/pages"}],"about":[{"href":"https:\/\/perazancas.es\/index.php\/wp-json\/wp\/v2\/types\/page"}],"author":[{"embeddable":true,"href":"https:\/\/perazancas.es\/index.php\/wp-json\/wp\/v2\/users\/1"}],"replies":[{"embeddable":true,"href":"https:\/\/perazancas.es\/index.php\/wp-json\/wp\/v2\/comments?post=16"}],"version-history":[{"count":4,"href":"https:\/\/perazancas.es\/index.php\/wp-json\/wp\/v2\/pages\/16\/revisions"}],"predecessor-version":[{"id":142,"href":"https:\/\/perazancas.es\/index.php\/wp-json\/wp\/v2\/pages\/16\/revisions\/142"}],"wp:attachment":[{"href":"https:\/\/perazancas.es\/index.php\/wp-json\/wp\/v2\/media?parent=16"}],"curies":[{"name":"wp","href":"https:\/\/api.w.org\/{rel}","templated":true}]}}