{"id":139,"date":"2021-11-30T10:58:17","date_gmt":"2021-11-30T10:58:17","guid":{"rendered":"https:\/\/perazancas.es\/?page_id=139"},"modified":"2023-06-15T17:49:09","modified_gmt":"2023-06-15T17:49:09","slug":"ermita-de-san-pelayo","status":"publish","type":"page","link":"https:\/\/perazancas.es\/index.php\/ermita-de-san-pelayo\/","title":{"rendered":"Ermita de San Pelayo"},"content":{"rendered":"\t\t<div data-elementor-type=\"wp-page\" data-elementor-id=\"139\" class=\"elementor elementor-139\">\n\t\t\t\t\t\t<section class=\"elementor-section elementor-top-section elementor-element elementor-element-21d1bbe elementor-section-boxed elementor-section-height-default elementor-section-height-default\" data-id=\"21d1bbe\" data-element_type=\"section\" data-e-type=\"section\">\n\t\t\t\t\t\t<div class=\"elementor-container elementor-column-gap-default\">\n\t\t\t\t\t<div class=\"elementor-column elementor-col-100 elementor-top-column elementor-element elementor-element-d5d0dfe\" data-id=\"d5d0dfe\" data-element_type=\"column\" data-e-type=\"column\">\n\t\t\t<div class=\"elementor-widget-wrap elementor-element-populated\">\n\t\t\t\t\t\t<div class=\"elementor-element elementor-element-d126437 elementor-widget elementor-widget-gallery\" data-id=\"d126437\" data-element_type=\"widget\" data-e-type=\"widget\" data-settings=\"{&quot;gallery_layout&quot;:&quot;masonry&quot;,&quot;lazyload&quot;:&quot;yes&quot;,&quot;columns&quot;:4,&quot;columns_tablet&quot;:2,&quot;columns_mobile&quot;:1,&quot;gap&quot;:{&quot;unit&quot;:&quot;px&quot;,&quot;size&quot;:10,&quot;sizes&quot;:[]},&quot;gap_tablet&quot;:{&quot;unit&quot;:&quot;px&quot;,&quot;size&quot;:10,&quot;sizes&quot;:[]},&quot;gap_mobile&quot;:{&quot;unit&quot;:&quot;px&quot;,&quot;size&quot;:10,&quot;sizes&quot;:[]},&quot;link_to&quot;:&quot;file&quot;,&quot;overlay_background&quot;:&quot;yes&quot;,&quot;content_hover_animation&quot;:&quot;fade-in&quot;}\" data-widget_type=\"gallery.default\">\n\t\t\t\t<div class=\"elementor-widget-container\">\n\t\t\t\t\t\t\t<div class=\"elementor-gallery__container\">\n\t\t\t\t\t\t\t<a class=\"e-gallery-item elementor-gallery-item elementor-animated-content\" href=\"https:\/\/perazancas.es\/wp-content\/uploads\/2023\/06\/pinturas1.jpg\" data-elementor-open-lightbox=\"yes\" data-elementor-lightbox-slideshow=\"all-d126437\" data-elementor-lightbox-title=\"pinturas1\" data-e-action-hash=\"#elementor-action%3Aaction%3Dlightbox%26settings%3DeyJpZCI6Mzg4LCJ1cmwiOiJodHRwczpcL1wvcGVyYXphbmNhcy5lc1wvd3AtY29udGVudFwvdXBsb2Fkc1wvMjAyM1wvMDZcL3BpbnR1cmFzMS5qcGciLCJzbGlkZXNob3ciOiJhbGwtZDEyNjQzNyJ9\">\n\t\t\t\t\t<div class=\"e-gallery-image elementor-gallery-item__image\" data-thumbnail=\"https:\/\/perazancas.es\/wp-content\/uploads\/2023\/06\/pinturas1-300x190.jpg\" data-width=\"300\" data-height=\"190\" alt=\"\" ><\/div>\n\t\t\t\t\t\t\t\t\t\t\t<div class=\"elementor-gallery-item__overlay\"><\/div>\n\t\t\t\t\t\t\t\t\t\t\t\t\t\t<\/a>\n\t\t\t\t\t\t\t<a class=\"e-gallery-item elementor-gallery-item elementor-animated-content\" href=\"https:\/\/perazancas.es\/wp-content\/uploads\/2023\/06\/ermitainscripcion.jpg\" data-elementor-open-lightbox=\"yes\" data-elementor-lightbox-slideshow=\"all-d126437\" data-elementor-lightbox-title=\"ermitainscripcion\" data-e-action-hash=\"#elementor-action%3Aaction%3Dlightbox%26settings%3DeyJpZCI6Mzg3LCJ1cmwiOiJodHRwczpcL1wvcGVyYXphbmNhcy5lc1wvd3AtY29udGVudFwvdXBsb2Fkc1wvMjAyM1wvMDZcL2VybWl0YWluc2NyaXBjaW9uLmpwZyIsInNsaWRlc2hvdyI6ImFsbC1kMTI2NDM3In0%3D\">\n\t\t\t\t\t<div class=\"e-gallery-image elementor-gallery-item__image\" data-thumbnail=\"https:\/\/perazancas.es\/wp-content\/uploads\/2023\/06\/ermitainscripcion-300x200.jpg\" data-width=\"300\" data-height=\"200\" alt=\"\" ><\/div>\n\t\t\t\t\t\t\t\t\t\t\t<div class=\"elementor-gallery-item__overlay\"><\/div>\n\t\t\t\t\t\t\t\t\t\t\t\t\t\t<\/a>\n\t\t\t\t\t\t\t<a class=\"e-gallery-item elementor-gallery-item elementor-animated-content\" href=\"https:\/\/perazancas.es\/wp-content\/uploads\/2023\/06\/Ermitaabside.jpg\" data-elementor-open-lightbox=\"yes\" data-elementor-lightbox-slideshow=\"all-d126437\" data-elementor-lightbox-title=\"Ermitaabside\" data-e-action-hash=\"#elementor-action%3Aaction%3Dlightbox%26settings%3DeyJpZCI6Mzg2LCJ1cmwiOiJodHRwczpcL1wvcGVyYXphbmNhcy5lc1wvd3AtY29udGVudFwvdXBsb2Fkc1wvMjAyM1wvMDZcL0VybWl0YWFic2lkZS5qcGciLCJzbGlkZXNob3ciOiJhbGwtZDEyNjQzNyJ9\">\n\t\t\t\t\t<div class=\"e-gallery-image elementor-gallery-item__image\" data-thumbnail=\"https:\/\/perazancas.es\/wp-content\/uploads\/2023\/06\/Ermitaabside-300x200.jpg\" data-width=\"300\" data-height=\"200\" alt=\"\" ><\/div>\n\t\t\t\t\t\t\t\t\t\t\t<div class=\"elementor-gallery-item__overlay\"><\/div>\n\t\t\t\t\t\t\t\t\t\t\t\t\t\t<\/a>\n\t\t\t\t\t\t\t<a class=\"e-gallery-item elementor-gallery-item elementor-animated-content\" href=\"https:\/\/perazancas.es\/wp-content\/uploads\/2023\/06\/abside.webp\" data-elementor-open-lightbox=\"yes\" data-elementor-lightbox-slideshow=\"all-d126437\" data-elementor-lightbox-title=\"abside\" data-e-action-hash=\"#elementor-action%3Aaction%3Dlightbox%26settings%3DeyJpZCI6Mzg1LCJ1cmwiOiJodHRwczpcL1wvcGVyYXphbmNhcy5lc1wvd3AtY29udGVudFwvdXBsb2Fkc1wvMjAyM1wvMDZcL2Fic2lkZS53ZWJwIiwic2xpZGVzaG93IjoiYWxsLWQxMjY0MzcifQ%3D%3D\">\n\t\t\t\t\t<div class=\"e-gallery-image elementor-gallery-item__image\" data-thumbnail=\"https:\/\/perazancas.es\/wp-content\/uploads\/2023\/06\/abside-300x218.webp\" data-width=\"300\" data-height=\"218\" alt=\"\" ><\/div>\n\t\t\t\t\t\t\t\t\t\t\t<div class=\"elementor-gallery-item__overlay\"><\/div>\n\t\t\t\t\t\t\t\t\t\t\t\t\t\t<\/a>\n\t\t\t\t\t\t\t<a class=\"e-gallery-item elementor-gallery-item elementor-animated-content\" href=\"https:\/\/perazancas.es\/wp-content\/uploads\/2023\/06\/pinturas3.jpg\" data-elementor-open-lightbox=\"yes\" data-elementor-lightbox-slideshow=\"all-d126437\" data-elementor-lightbox-title=\"Perazancas-pinturas\" data-e-action-hash=\"#elementor-action%3Aaction%3Dlightbox%26settings%3DeyJpZCI6Mzg0LCJ1cmwiOiJodHRwczpcL1wvcGVyYXphbmNhcy5lc1wvd3AtY29udGVudFwvdXBsb2Fkc1wvMjAyM1wvMDZcL3BpbnR1cmFzMy5qcGciLCJzbGlkZXNob3ciOiJhbGwtZDEyNjQzNyJ9\">\n\t\t\t\t\t<div class=\"e-gallery-image elementor-gallery-item__image\" data-thumbnail=\"https:\/\/perazancas.es\/wp-content\/uploads\/2023\/06\/pinturas3-300x188.jpg\" data-width=\"300\" data-height=\"188\" alt=\"\" ><\/div>\n\t\t\t\t\t\t\t\t\t\t\t<div class=\"elementor-gallery-item__overlay\"><\/div>\n\t\t\t\t\t\t\t\t\t\t\t\t\t\t<\/a>\n\t\t\t\t\t\t\t<a class=\"e-gallery-item elementor-gallery-item elementor-animated-content\" href=\"https:\/\/perazancas.es\/wp-content\/uploads\/2023\/06\/pinturas2.jpg\" data-elementor-open-lightbox=\"yes\" data-elementor-lightbox-slideshow=\"all-d126437\" data-elementor-lightbox-title=\"pinturas2\" data-e-action-hash=\"#elementor-action%3Aaction%3Dlightbox%26settings%3DeyJpZCI6MzgzLCJ1cmwiOiJodHRwczpcL1wvcGVyYXphbmNhcy5lc1wvd3AtY29udGVudFwvdXBsb2Fkc1wvMjAyM1wvMDZcL3BpbnR1cmFzMi5qcGciLCJzbGlkZXNob3ciOiJhbGwtZDEyNjQzNyJ9\">\n\t\t\t\t\t<div class=\"e-gallery-image elementor-gallery-item__image\" data-thumbnail=\"https:\/\/perazancas.es\/wp-content\/uploads\/2023\/06\/pinturas2-300x228.jpg\" data-width=\"300\" data-height=\"228\" alt=\"\" ><\/div>\n\t\t\t\t\t\t\t\t\t\t\t<div class=\"elementor-gallery-item__overlay\"><\/div>\n\t\t\t\t\t\t\t\t\t\t\t\t\t\t<\/a>\n\t\t\t\t\t\t\t<a class=\"e-gallery-item elementor-gallery-item elementor-animated-content\" href=\"https:\/\/perazancas.es\/wp-content\/uploads\/2023\/06\/fachada.jpg\" data-elementor-open-lightbox=\"yes\" data-elementor-lightbox-slideshow=\"all-d126437\" data-elementor-lightbox-title=\"fachada\" data-e-action-hash=\"#elementor-action%3Aaction%3Dlightbox%26settings%3DeyJpZCI6Mzc0LCJ1cmwiOiJodHRwczpcL1wvcGVyYXphbmNhcy5lc1wvd3AtY29udGVudFwvdXBsb2Fkc1wvMjAyM1wvMDZcL2ZhY2hhZGEuanBnIiwic2xpZGVzaG93IjoiYWxsLWQxMjY0MzcifQ%3D%3D\">\n\t\t\t\t\t<div class=\"e-gallery-image elementor-gallery-item__image\" data-thumbnail=\"https:\/\/perazancas.es\/wp-content\/uploads\/2023\/06\/fachada-300x176.jpg\" data-width=\"300\" data-height=\"176\" alt=\"\" ><\/div>\n\t\t\t\t\t\t\t\t\t\t\t<div class=\"elementor-gallery-item__overlay\"><\/div>\n\t\t\t\t\t\t\t\t\t\t\t\t\t\t<\/a>\n\t\t\t\t\t\t\t<a class=\"e-gallery-item elementor-gallery-item elementor-animated-content\" href=\"https:\/\/perazancas.es\/wp-content\/uploads\/2021\/11\/Ermita_mini-1.jpg\" data-elementor-open-lightbox=\"yes\" data-elementor-lightbox-slideshow=\"all-d126437\" data-elementor-lightbox-title=\"Ermita_mini\" data-e-action-hash=\"#elementor-action%3Aaction%3Dlightbox%26settings%3DeyJpZCI6MjAsInVybCI6Imh0dHBzOlwvXC9wZXJhemFuY2FzLmVzXC93cC1jb250ZW50XC91cGxvYWRzXC8yMDIxXC8xMVwvRXJtaXRhX21pbmktMS5qcGciLCJzbGlkZXNob3ciOiJhbGwtZDEyNjQzNyJ9\">\n\t\t\t\t\t<div class=\"e-gallery-image elementor-gallery-item__image\" data-thumbnail=\"https:\/\/perazancas.es\/wp-content\/uploads\/2021\/11\/Ermita_mini-1-300x188.jpg\" data-width=\"300\" data-height=\"188\" alt=\"\" ><\/div>\n\t\t\t\t\t\t\t\t\t\t\t<div class=\"elementor-gallery-item__overlay\"><\/div>\n\t\t\t\t\t\t\t\t\t\t\t\t\t\t<\/a>\n\t\t\t\t\t<\/div>\n\t\t\t\t\t<\/div>\n\t\t\t\t<\/div>\n\t\t\t\t<div class=\"elementor-element elementor-element-12f6246 elementor-widget elementor-widget-html\" data-id=\"12f6246\" data-element_type=\"widget\" data-e-type=\"widget\" data-widget_type=\"html.default\">\n\t\t\t\t<div class=\"elementor-widget-container\">\n\t\t\t\t\t<head>\n  <title>Ermita de San Pelayo de Perazancas<\/title>\n  <style>\n    body {\n      font-family: Arial, sans-serif;\n      margin: 20px;\n    }\n    h1 {\n      text-align: center;\n      color: darkgreen;\n    }\n    h2 {\n      color: darkgreen;\n      margin-top: 20px;\n    }\n    p {\n      text-align: justify;\n    }\n    img {\n      width: 300px;\n      height: auto;\n      margin: 10px;\n      float: right;\n    }\n    .clear {\n      clear: both;\n    }\n  <\/style>\n<\/head>\n<body>\n  <h1>Ermita de San Pelayo de Perazancas<\/h1>\n  <img decoding=\"async\" src=\"\/wp-content\/uploads\/2023\/06\/fachada.jpg\" alt=\"Fachada de la ermita\">\n  <p>La ermita de San Pelayo es un templo religioso que se encuentra en la localidad de Perazancas, municipio de Cervera de Pisuerga, en la provincia de Palencia, Espa\u00f1a. Es un ejemplo de arquitectura rom\u00e1nica lombarda con elementos moz\u00e1rabes y jaqueses. Fue construida en el siglo XI por un abad llamado Pelayo y posteriormente donada al monasterio de San Andr\u00e9s de Arroyo. Tiene una sola nave con \u00e1bside semicircular y una portada occidental con arco de medio punto y capiteles decorados. En el interior se conservan algunas pinturas murales.<\/p>\n  <div class=\"clear\"><\/div>\n  <h2>Historia<\/h2>\n  <img decoding=\"async\" src=\"inscripcion.jpg\" alt=\"Inscripci\u00f3n del abad Pelayo\">\n  <p>La ermita de San Pelayo fue construida sobre los restos de una edificaci\u00f3n anterior de origen prerrom\u00e1nico, como as\u00ed parece confirmarnos la presencia de diferentes elementos reaprovechados en el propio templo, principalmente los dos capiteles de clara est\u00e9tica moz\u00e1rabe de su portada occidental. Sobre los restos de esa primitiva edificaci\u00f3n, como tambi\u00e9n puede contrastarse gracias a una inscripci\u00f3n empotrada en el interior del muro norte; en tiempos del rey leon\u00e9s Alfonso VI un abad de nombre Pelayo (Pelagio) mando levantar en la era 1114 (a\u00f1o 1076) y en honor de su santo hom\u00f3nimo la iglesia que actualmente vemos, probablemente relacionada con un modesto establecimiento de car\u00e1cter cenob\u00edtico. El texto dice exactamente:<\/p>\n  <p><i>IN NOMINE DOMINI NOSTRI IHESU CHRISTI SUB HONORE SANCTI PELEG, PELAGIO ABAS FECIT IN ERA MCXIIII OBSTINENTE REX ILLEFONSUS IN LEGIONE<\/i><\/p>\n  <p>Con posterioridad, hay que esperar a un documento fechado en 1186 para confirmar la fundaci\u00f3n (o re-fundaci\u00f3n) de un monasterio en Perazancas (Pedrasancas) por parte de la dama Mar\u00eda Fern\u00e1ndez y su madre Urraca dedicado al propio San Pelayo, cenobio \u00e9ste que, apenas trece a\u00f1os despu\u00e9s, ser\u00eda donado por el monarca Alfonso VIII al vecino monasterio femenino de San Andr\u00e9s de Arroyo.<\/p>\n  <div class=\"clear\"><\/div>\n  <h2>Estilo y caracter\u00edsticas<\/h2>\n  <img decoding=\"async\" src=\"abside.jpg\" alt=\"\u00c1bside lombardo\">\n  <p>La ermita de San Pelayo es un raro ejemplo de construcci\u00f3n lombarda por estas tierras en que no se da otro caso igual. El \u00e1bside est\u00e1 construido en piedra de sillar bien trabajada. Presenta unos arquillos ciegos lombardos labrados de 3 en 3 y separados por columnas que no son monol\u00edticas y que sustituyen a las tradicionales lesenas y un friso en esquinillas t\u00edpicamente lombardo. Esta ornamentaci\u00f3n se une al ajedrezado jaqu\u00e9s.<\/p>\n  <p>La puerta de acceso al templo est\u00e1 en la fachada de poniente (fachada de los pies). Tiene arco de medio punto que descansa sobre los cimacios de las columnas. Los capiteles son muy interesantes por su decoraci\u00f3n vegetal y animal\u00edstica. Los dos capiteles exteriores son claramente moz\u00e1rabes por sus motivos entrelazados y sus cabezas humanas.<\/p>\n  <p>En el interior destaca el \u00e1bside semicircular cubierto con b\u00f3veda cascar\u00f3n. En sus muros se conservan restos de pinturas murales del siglo XIII que representan escenas del martirio de San Pelayo y otros santos.<\/p>\n  <div class=\"clear\"><\/div>\n  <h2>Informaci\u00f3n pr\u00e1ctica<\/h2>\n  <ul>\n    <li>Horario: La ermita est\u00e1 abierta al p\u00fablico todos los d\u00edas desde las 10:00 hasta las 18:00 horas.<\/li>\n    <li>Precio: La entrada es gratuita.<\/li>\n    <li>Acceso: La ermita se encuentra a unos 1,5 km al sur de Perazancas, junto a la carretera que va a Olmos de Ojeda. Hay un aparcamiento habilitado junto a la ermita.<\/li>\n    <li>Contacto: Para m\u00e1s informaci\u00f3n puede llamar al tel\u00e9fono del Ayuntamiento de Cervera de Pisuerga: +34 979870075.<\/li>\n  <\/ul>\t\t\t\t<\/div>\n\t\t\t\t<\/div>\n\t\t\t\t\t<\/div>\n\t\t<\/div>\n\t\t\t\t\t<\/div>\n\t\t<\/section>\n\t\t\t\t<\/div>\n\t\t","protected":false},"excerpt":{"rendered":"<p>Ermita de San Pelayo de Perazancas Ermita de San Pelayo de Perazancas La ermita de San Pelayo es un templo religioso que se encuentra en &hellip;<\/p>\n","protected":false},"author":1,"featured_media":0,"parent":0,"menu_order":0,"comment_status":"closed","ping_status":"closed","template":"","meta":{"om_disable_all_campaigns":false,"_mi_skip_tracking":false,"_monsterinsights_sitenote_active":false,"_monsterinsights_sitenote_note":"","_monsterinsights_sitenote_category":0,"footnotes":""},"class_list":["post-139","page","type-page","status-publish","hentry"],"aioseo_notices":[],"_links":{"self":[{"href":"https:\/\/perazancas.es\/index.php\/wp-json\/wp\/v2\/pages\/139","targetHints":{"allow":["GET"]}}],"collection":[{"href":"https:\/\/perazancas.es\/index.php\/wp-json\/wp\/v2\/pages"}],"about":[{"href":"https:\/\/perazancas.es\/index.php\/wp-json\/wp\/v2\/types\/page"}],"author":[{"embeddable":true,"href":"https:\/\/perazancas.es\/index.php\/wp-json\/wp\/v2\/users\/1"}],"replies":[{"embeddable":true,"href":"https:\/\/perazancas.es\/index.php\/wp-json\/wp\/v2\/comments?post=139"}],"version-history":[{"count":18,"href":"https:\/\/perazancas.es\/index.php\/wp-json\/wp\/v2\/pages\/139\/revisions"}],"predecessor-version":[{"id":391,"href":"https:\/\/perazancas.es\/index.php\/wp-json\/wp\/v2\/pages\/139\/revisions\/391"}],"wp:attachment":[{"href":"https:\/\/perazancas.es\/index.php\/wp-json\/wp\/v2\/media?parent=139"}],"curies":[{"name":"wp","href":"https:\/\/api.w.org\/{rel}","templated":true}]}}